{"id":342990,"date":"2015-07-29T09:37:44","date_gmt":"2015-07-29T09:37:44","guid":{"rendered":"http:\/\/demo.elated-themes.com\/moose1\/?page_id=342990"},"modified":"2025-01-24T10:57:23","modified_gmt":"2025-01-24T09:57:23","slug":"parallax-home","status":"publish","type":"page","link":"https:\/\/www.villarustica.at\/","title":{"rendered":"Villa Rustica Pannonia"},"content":{"rendered":"<p>[vc_row row_type=&#8220;parallax&#8220; type=&#8220;full_width&#8220; text_align=&#8220;center&#8220; background_image=&#8220;348179&#8243; full_screen_section_height=&#8220;yes&#8220; vertically_align_content_in_middle=&#8220;no&#8220;][vc_column][vc_empty_space height=&#8220;500px&#8220; image_repeat=&#8220;no-repeat&#8220;]<div class=\"eltd_separator_with_icon with_custom_icon  center animate_width \" style=\"margin-top:50px;margin-bottom:37px\" data-line-width=\"43px\"><div class=\"eltd_icon_holder\" style=\"bottom:-19px;\"><div class=\"eltd_separator_icon_holder\"><div class=\"eltd_line_before\"  style=\"border-color: #ffffff;border-bottom-width:2px;width:43px;border-style: solid;margin-bottom:-1px;margin-right:15px;\"><\/div><div class=\"separator_custom_icon\"><img decoding=\"async\" src=\"https:\/\/www.villarustica.at\/wp-content\/uploads\/2018\/11\/sw_test-e1543650178378.png\" alt=\"\" \/><\/div><div class=\"eltd_line_after\"  style=\"border-color: #ffffff;border-bottom-width:2px;width:43px;border-style: solid;margin-bottom:-1px;margin-left:15px;\"><\/div><\/div><\/div><\/div>[vc_column_text]<\/p>\n<p style=\"text-align: center;\"><span style=\"color: #ffffff; font-size: 24pt;\"><strong>Willkommen bei der Gesellschaft<\/strong><\/span><\/p>\n<p>&nbsp;<\/p>\n<p style=\"text-align: center;\"><span style=\"color: #ffffff; font-size: 24pt;\"><strong> zur Erhaltung von Bodendenkmalen<\/strong><\/span><\/p>\n<p>&nbsp;<\/p>\n<p style=\"text-align: center;\"><span style=\"color: #ffffff; font-size: 24pt;\"><strong>im Burgenland<\/strong><\/span><\/p>\n<p>[\/vc_column_text][\/vc_column][\/vc_row][vc_row row_type=&#8220;parallax&#8220; type=&#8220;grid&#8220; text_align=&#8220;left&#8220; background_image=&#8220;346590&#8243; full_screen_section_height=&#8220;no&#8220; section_height=&#8220;650&#8243;][vc_column][vc_separator type=&#8220;transparent&#8220; up=&#8220;75&#8243; up_style=&#8220;px&#8220; down=&#8220;0&#8243; down_style=&#8220;px&#8220;][no_elements_holder number_of_columns=&#8220;two_columns&#8220; switch_to_one_column=&#8220;1000&#8243;][no_elements_holder_item item_padding=&#8220;20% 0% 0% 0% &#8220; aligment=&#8220;left&#8220; vertical_alignment=&#8220;middle&#8220; enable_hover_effect=&#8220;no&#8220; advanced_animations=&#8220;no&#8220; elemnts_holder_frame=&#8220;no&#8220;][vc_single_image image=&#8220;348095&#8243; img_size=&#8220;full&#8220; eltd_css_animation=&#8220;element_from_left&#8220; transition_delay=&#8220;0.2&#8243;][\/no_elements_holder_item][no_elements_holder_item item_padding=&#8220;57px 0px 0px 23px&#8220; aligment=&#8220;left&#8220; vertical_alignment=&#8220;middle&#8220; enable_hover_effect=&#8220;no&#8220; advanced_animations=&#8220;no&#8220; item_padding_768_1000=&#8220;10% 0% 16% 5%&#8220; item_padding_600_768=&#8220;10% 0% 16% 5%&#8220; item_padding_480_600=&#8220;10% 0% 16% 5%&#8220; item_padding_480=&#8220;10% 0% 16% 5%&#8220; elemnts_holder_frame=&#8220;no&#8220;][vc_column_text]<span style=\"font-size: 24pt;\"><strong><span style=\"color: #ffffff;\">Der Verein bezweckt<\/span><\/strong><\/span>[\/vc_column_text][vc_separator type=&#8220;transparent&#8220; up=&#8220;23&#8243; up_style=&#8220;px&#8220; down=&#8220;0&#8243; down_style=&#8220;px&#8220;][no_tabs style=&#8220;horizontal_left_with_icons&#8220; transparent_tabs=&#8220;yes&#8220;][no_tab icon_pack=&#8220;simple_line_icons&#8220; simple_line_icons=&#8220;icon-diamond&#8220; title=&#8220;Tab 1&#8243; tab_id=&#8220;13312324762&#8243;][vc_separator type=&#8220;transparent&#8220; up=&#8220;15&#8243; up_style=&#8220;px&#8220; down=&#8220;0&#8243; down_style=&#8220;px&#8220;][vc_column_text]<span style=\"color: #ffffff; font-size: 14pt;\">die F\u00f6rderung arch\u00e4ologischer Ma\u00dfnahmen<\/span><br \/>\n<span style=\"color: #ffffff; font-size: 14pt;\">die F\u00f6rderung arch\u00e4ologischer \u00d6ffentlichkeitsarbeit<\/span><br \/>\n<span style=\"color: #ffffff; font-size: 14pt;\">die F\u00f6rderung musealer Einrichtungen<\/span>[\/vc_column_text][\/no_tab][no_tab icon_pack=&#8220;simple_line_icons&#8220; simple_line_icons=&#8220;icon-pencil&#8220; title=&#8220;Tab 2&#8243; tab_id=&#8220;18090912201&#8243;][vc_separator type=&#8220;transparent&#8220; up=&#8220;15&#8243; up_style=&#8220;px&#8220; down=&#8220;0&#8243; down_style=&#8220;px&#8220;][vc_column_text]<span style=\"font-size: 14pt; color: #ffffff;\">die Unterst\u00fctzung von prospektiven Ma\u00dfnahmen<\/span><br \/>\n<span style=\"font-size: 14pt; color: #ffffff;\">den Schutz arch\u00e4ologisch-relevanter Fl\u00e4chen<\/span><br \/>\n<span style=\"font-size: 14pt; color: #ffffff;\">den verantwortlichen Umgang mit Fundmaterial<\/span>[\/vc_column_text][\/no_tab][no_tab icon_pack=&#8220;simple_line_icons&#8220; simple_line_icons=&#8220;icon-user&#8220; title=&#8220;Tab 3&#8243; tab_id=&#8220;13312324763&#8243;][vc_separator type=&#8220;transparent&#8220; up=&#8220;15&#8243; up_style=&#8220;px&#8220; down=&#8220;0&#8243; down_style=&#8220;px&#8220;][vc_column_text]<span style=\"font-size: 14pt; color: #ffffff;\">die Errichtung arch\u00e4ologischer \u201eHotspots\u201c<\/span><br \/>\n<span style=\"font-size: 14pt; color: #ffffff;\">die Vernetzung von Tourismus und Kulturg\u00fctern<\/span>[\/vc_column_text][\/no_tab][no_tab icon_pack=&#8220;simple_line_icons&#8220; simple_line_icons=&#8220;icon-book-open&#8220; title=&#8220;Tab 4&#8243; tab_id=&#8220;13312324765&#8243;][vc_separator type=&#8220;transparent&#8220; up=&#8220;15&#8243; up_style=&#8220;px&#8220; down=&#8220;0&#8243; down_style=&#8220;px&#8220;][vc_column_text]<span style=\"font-size: 14pt; color: #ffffff;\">die Herausgabe wissenschaftlicher Publikationen und anderer zweckdienlicher Medien<\/span><br \/>\n<span style=\"font-size: 14pt; color: #ffffff;\">die F\u00f6rderung einer wissenschaftlichen numismatischen Plattform<\/span><br \/>\n<span style=\"font-size: 14pt; color: #ffffff;\">die F\u00f6rderung einer wissenschaftlichen Funddaten Plattform<\/span>[\/vc_column_text][\/no_tab][\/no_tabs][vc_separator type=&#8220;transparent&#8220; up=&#8220;20&#8243; up_style=&#8220;px&#8220; down=&#8220;0&#8243; down_style=&#8220;px&#8220;][\/no_elements_holder_item][\/no_elements_holder][vc_separator type=&#8220;transparent&#8220; up=&#8220;75&#8243; up_style=&#8220;px&#8220; down=&#8220;0&#8243; down_style=&#8220;px&#8220;][\/vc_column][\/vc_row][vc_row row_type=&#8220;row&#8220; use_row_as_full_screen_section=&#8220;no&#8220; type=&#8220;full_width&#8220; text_align=&#8220;left&#8220; box_shadow_on_row=&#8220;no&#8220;][vc_column][vc_column_text]<\/p>\n<p>&nbsp;<\/p>\n<p>[\/vc_column_text][\/vc_column][\/vc_row][vc_row row_type=&#8220;row&#8220; use_row_as_full_screen_section=&#8220;no&#8220; type=&#8220;grid&#8220; text_align=&#8220;center&#8220; padding_top=&#8220;61&#8243; padding_bottom=&#8220;70&#8243; box_shadow_on_row=&#8220;no&#8220;][vc_column]<div class=\"eltd_separator_with_icon with_custom_icon  center animate_width \" style=\"margin-top:62px;margin-bottom:37px\" data-line-width=\"43px\"><div class=\"eltd_icon_holder\" style=\"bottom:-19px;\"><div class=\"eltd_separator_icon_holder\"><div class=\"eltd_line_before\"  style=\"border-color: #dadada;border-bottom-width:2px;width:43px;border-style: solid;margin-bottom:-1px;margin-right:11px;\"><\/div><div class=\"separator_custom_icon\"><img decoding=\"async\" src=\"https:\/\/www.villarustica.at\/wp-content\/uploads\/2018\/11\/sw_test-e1543650178378.png\" alt=\"\" \/><\/div><div class=\"eltd_line_after\"  style=\"border-color: #dadada;border-bottom-width:2px;width:43px;border-style: solid;margin-bottom:-1px;margin-left:11px;\"><\/div><\/div><\/div><\/div>[vc_column_text]<\/p>\n<h2>Wer wir sind<\/h2>\n<p>[\/vc_column_text][vc_separator type=&#8220;transparent&#8220; up=&#8220;14&#8243; up_style=&#8220;px&#8220; down=&#8220;0&#8243; down_style=&#8220;px&#8220;][\/vc_column][\/vc_row][vc_row row_type=&#8220;row&#8220; use_row_as_full_screen_section=&#8220;no&#8220; type=&#8220;grid&#8220; in_content_menu=&#8220;in_content_menu&#8220; content_menu_title=&#8220;Team&#8220; text_align=&#8220;center&#8220; padding_bottom=&#8220;40&#8243; box_shadow_on_row=&#8220;no&#8220; el_id=&#8220;Team1&#8243;][vc_column width=&#8220;1\/3&#8243;]<div class='eltd_team  left_align below_image with_padding social_style_bottom' style='background-color:#ffffff;'><div class='eltd_team_inner' style='border-style:solid;border-color:#dadada;border-width:2px;'><div class='eltd_team_image'><div class='team_initial_image'><img src='https:\/\/www.villarustica.at\/wp-content\/uploads\/2018\/12\/matouschek_walter-e1543660975327.png' alt='team_image'\/><\/div><div class='team_hover_image' style='background-image: url(https:\/\/www.villarustica.at\/wp-content\/uploads\/2018\/12\/matouschek_walter-e1543660975327.png);'><\/div><div class='image_overlay' ><\/div><div class='eltd_team_social_holder_between  ' style=\"background-color: rgba(250,250,250,0.01);\"><div class='eltd_team_social square_social '><div class='eltd_team_social_inner'><div class='eltd_team_social_wrapp'><\/div><\/div><\/div><\/div><\/div><div class=\"eltd_team_info\" style=\"\"><div class='eltd_team_title_holder square_social'><h4 class='eltd_team_name' style =\"color: #464646;font-size: 13px!important;font-weight: 800;text-transform: uppercase\">Walter Matouschek<\/h4><h6 class='eltd_team_position' style =\"color: #e5735c;font-size: 14px;font-weight: 400;text-transform: capitalize\">Obman<\/h6><span class='separator small' style=' border-color: #dadada'><\/span><\/div><div class='eltd_team_text'><div class='eltd_team_text_inner'><div class='eltd_team_description'><p style =\"color: #818181\">Erblich infiziert mit der Liebe zum antiken Pannonien.<\/p><\/div><\/div><\/div><\/div><\/div><\/div>[\/vc_column][vc_column width=&#8220;1\/3&#8243;]<div class='eltd_team  left_align below_image with_padding social_style_bottom' style='background-color:#ffffff;'><div class='eltd_team_inner' style='border-style:solid;border-color:#dadada;border-width:2px;'><div class='eltd_team_image'><div class='team_initial_image'><img src='https:\/\/www.villarustica.at\/wp-content\/uploads\/2018\/12\/Hauer_1697-e1543661535464.jpg' alt='team_image'\/><\/div><div class='team_hover_image' style='background-image: url(https:\/\/www.villarustica.at\/wp-content\/uploads\/2018\/12\/Hauer_1697-e1543661535464.jpg);'><\/div><div class='image_overlay' ><\/div><div class='eltd_team_social_holder_between  ' style=\"background-color: rgba(250,250,250,0.01);\"><div class='eltd_team_social square_social '><div class='eltd_team_social_inner'><div class='eltd_team_social_wrapp'><\/div><\/div><\/div><\/div><\/div><div class=\"eltd_team_info\" style=\"\"><div class='eltd_team_title_holder square_social'><h4 class='eltd_team_name' style =\"color: #464646;font-size: 13px!important;font-weight: 800;text-transform: uppercase\">J\u00fcrgen Hauer<\/h4><h6 class='eltd_team_position' style =\"color: #e5735c;font-size: 14px;font-weight: 400;text-transform: capitalize\">Schriftf\u00fchrer<\/h6><span class='separator small' style=' border-color: #dadada'><\/span><\/div><div class='eltd_team_text'><div class='eltd_team_text_inner'><div class='eltd_team_description'><p style =\"color: #818181\">Infiziert mit der Geschichte unseres Landes werde ich vielen die Liebe weitergeben.<\/p><\/div><\/div><\/div><\/div><\/div><\/div>[\/vc_column][vc_column width=&#8220;1\/3&#8243;]<div class='eltd_team  left_align below_image with_padding social_style_bottom' style='background-color:#ffffff;'><div class='eltd_team_inner' style='border-style:solid;border-color:#dadada;border-width:2px;'><div class='eltd_team_image'><div class='team_initial_image'><img src='https:\/\/www.villarustica.at\/wp-content\/uploads\/2024\/11\/lisiweb-e1731060209959.jpg' alt='team_image'\/><\/div><div class='team_hover_image' style='background-image: url(https:\/\/www.villarustica.at\/wp-content\/uploads\/2024\/11\/lisiweb-e1731060209959.jpg);'><\/div><div class='image_overlay' ><\/div><div class='eltd_team_social_holder_between  ' style=\"background-color: rgba(250,250,250,0.01);\"><div class='eltd_team_social square_social '><div class='eltd_team_social_inner'><div class='eltd_team_social_wrapp'><span class='eltd_social_icon_holder with_link square_social' ><a href='https:\/\/www.facebook.com\/' target='_blank'><span class='eltd_icon_stack  square_social' style=''><span aria-hidden=\"true\" class=\"eltd_icon_font_elegant social_facebook social_icon\" ><\/span><\/span><\/a><\/span><span class='eltd_social_icon_holder with_link square_social' ><a href='https:\/\/twitter.com\/' target='_blank'><span class='eltd_icon_stack  square_social' style=''><span aria-hidden=\"true\" class=\"eltd_icon_font_elegant social_twitter social_icon\" ><\/span><\/span><\/a><\/span><span class='eltd_social_icon_holder with_link square_social' ><a href='https:\/\/dribbble.com\/' target='_blank'><span class='eltd_icon_stack  square_social' style=''><span aria-hidden=\"true\" class=\"eltd_icon_font_elegant social_dribbble social_icon\" ><\/span><\/span><\/a><\/span><\/div><\/div><\/div><\/div><\/div><div class=\"eltd_team_info\" style=\"\"><div class='eltd_team_title_holder square_social'><h4 class='eltd_team_name' style =\"color: #464646;font-size: 13px!important;font-weight: 800;text-transform: uppercase\">Elisabeth Matouschek<\/h4><h6 class='eltd_team_position' style =\"color: #e5735c;font-size: 14px;font-weight: 400;text-transform: capitalize\">Kassierin<\/h6><span class='separator small' style=' border-color: #dadada'><\/span><\/div><div class='eltd_team_text'><div class='eltd_team_text_inner'><div class='eltd_team_description'><p style =\"color: #818181\">Infiziert mit der Leidenschaft Ihres Gatten helfe ich dem guten Zweck.<\/p><\/div><\/div><\/div><\/div><\/div><\/div>[\/vc_column][\/vc_row][vc_row row_type=&#8220;row&#8220; use_row_as_full_screen_section=&#8220;no&#8220; type=&#8220;grid&#8220; text_align=&#8220;center&#8220; padding_bottom=&#8220;40&#8243; box_shadow_on_row=&#8220;no&#8220;][vc_column width=&#8220;1\/4&#8243;][\/vc_column][vc_column width=&#8220;1\/4&#8243;]<div class='eltd_team  left_align below_image with_padding social_style_bottom' style='background-color:#ffffff;'><div class='eltd_team_inner' style='border-style:solid;border-color:#dadada;border-width:2px;'><div class=\"eltd_team_info\" style=\"\"><div class='eltd_team_title_holder square_social'><h4 class='eltd_team_name' style =\"color: #464646;font-size: 13px!important;font-weight: 800;text-transform: uppercase\">Sonja Matouschek<\/h4><h6 class='eltd_team_position' style =\"color: #e5735c;font-size: 14px;font-weight: 400;text-transform: capitalize\">1. Rechnungspr\u00fcfer<\/h6><span class='separator small' style=' border-color: #dadada'><\/span><\/div><div class='eltd_team_text'><div class='eltd_team_text_inner'><div class='eltd_team_description'><p style =\"color: #818181\">Grafik - Design und viele andere Leidenschaften<\/p><\/div><\/div><\/div><\/div><\/div><\/div>[\/vc_column][vc_column width=&#8220;1\/4&#8243;]<div class='eltd_team  left_align below_image with_padding social_style_bottom' style='background-color:#ffffff;'><div class='eltd_team_inner' style='border-style:solid;border-color:#dadada;border-width:2px;'><div class='eltd_team_image'><div class='team_initial_image'><img src='https:\/\/www.villarustica.at\/wp-content\/uploads\/2018\/12\/ani.jpg' alt='team_image'\/><\/div><div class='team_hover_image' style='background-image: url(https:\/\/www.villarustica.at\/wp-content\/uploads\/2018\/12\/ani.jpg);'><\/div><div class='image_overlay' ><\/div><div class='eltd_team_social_holder_between  ' style=\"background-color: rgba(250,250,250,0.01);\"><div class='eltd_team_social square_social '><div class='eltd_team_social_inner'><div class='eltd_team_social_wrapp'><span class='eltd_social_icon_holder with_link square_social' ><a href='https:\/\/www.facebook.com\/public\/Andreas-Rohatsch' target='_blank'><span class='eltd_icon_stack  square_social' style=''><span aria-hidden=\"true\" class=\"eltd_icon_font_elegant social_facebook social_icon\" ><\/span><\/span><\/a><\/span><\/div><\/div><\/div><\/div><\/div><div class=\"eltd_team_info\" style=\"\"><div class='eltd_team_title_holder square_social'><h4 class='eltd_team_name' style =\"color: #464646;font-size: 13px!important;font-weight: 800;text-transform: uppercase\">AO.Univ.Prof.Mag.Dr. Rohatsch<\/h4><h6 class='eltd_team_position' style =\"color: #e5735c;font-size: 14px;font-weight: 400;text-transform: capitalize\">2. Rechnungspr\u00fcfer<\/h6><span class='separator small' style=' border-color: #dadada'><\/span><\/div><div class='eltd_team_text'><div class='eltd_team_text_inner'><div class='eltd_team_description'><p style =\"color: #818181\">Geologie und Antike<\/p><\/div><\/div><\/div><\/div><\/div><\/div>[\/vc_column][\/vc_row][vc_row row_type=&#8220;row&#8220; use_row_as_full_screen_section=&#8220;no&#8220; type=&#8220;grid&#8220; text_align=&#8220;left&#8220; box_shadow_on_row=&#8220;no&#8220;][vc_column width=&#8220;1\/2&#8243;][vc_column_text]<span style=\"font-size: 14pt;\"><strong>Publikation:<\/strong><\/span><br \/>\n<span style=\"font-size: 14pt;\">Steinsichel und Bronzedolch dokumentiert das Projekt Weiden bis zu Bronzezeit, weitere Aufarbeitungen folgen.<\/span><br \/>\n<span style=\"font-size: 14pt;\">erh\u00e4ltlich gegen 15 ,- plus Versand beim Verein. Bitte um Bestellung per Mail an <a href=\"mailto:vorstand(et)villarustica.at\">vorstand(et)villarustica.at<\/a><\/span>[\/vc_column_text][\/vc_column][vc_column width=&#8220;1\/2&#8243;][vc_column_text]<img loading=\"lazy\" decoding=\"async\" class=\"alignnone size-full wp-image-348585\" src=\"https:\/\/www.villarustica.at\/wp-content\/uploads\/2018\/12\/Mochup_ohneTextur_klein.png\" alt=\"\" width=\"250\" height=\"188\" \/>[\/vc_column_text][\/vc_column][\/vc_row]<\/p>\n","protected":false},"excerpt":{"rendered":"<p>[vc_row row_type=&#8220;parallax&#8220; type=&#8220;full_width&#8220; text_align=&#8220;center&#8220; background_image=&#8220;348179&#8243; full_screen_section_height=&#8220;yes&#8220; vertically_align_content_in_middle=&#8220;no&#8220;][vc_column][vc_empty_space height=&#8220;500px&#8220; image_repeat=&#8220;no-repeat&#8220;][vc_column_text] Willkommen bei der Gesellschaft &nbsp; zur Erhaltung von Bodendenkmalen &nbsp; im Burgenland [\/vc_column_text][\/vc_column][\/vc_row][vc_row row_type=&#8220;parallax&#8220; type=&#8220;grid&#8220; text_align=&#8220;left&#8220; background_image=&#8220;346590&#8243; full_screen_section_height=&#8220;no&#8220; section_height=&#8220;650&#8243;][vc_column][vc_separator type=&#8220;transparent&#8220; up=&#8220;75&#8243; up_style=&#8220;px&#8220; down=&#8220;0&#8243; down_style=&#8220;px&#8220;][no_elements_holder number_of_columns=&#8220;two_columns&#8220; switch_to_one_column=&#8220;1000&#8243;][no_elements_holder_item item_padding=&#8220;20% 0% 0% 0% &#8220; aligment=&#8220;left&#8220; vertical_alignment=&#8220;middle&#8220; enable_hover_effect=&#8220;no&#8220; advanced_animations=&#8220;no&#8220; elemnts_holder_frame=&#8220;no&#8220;][vc_single_image&#8230;<\/p>\n","protected":false},"author":1,"featured_media":0,"parent":0,"menu_order":0,"comment_status":"open","ping_status":"closed","template":"full_width.php","meta":{"footnotes":""},"class_list":["post-342990","page","type-page","status-publish","hentry"],"_links":{"self":[{"href":"https:\/\/www.villarustica.at\/index.php?rest_route=\/wp\/v2\/pages\/342990","targetHints":{"allow":["GET"]}}],"collection":[{"href":"https:\/\/www.villarustica.at\/index.php?rest_route=\/wp\/v2\/pages"}],"about":[{"href":"https:\/\/www.villarustica.at\/index.php?rest_route=\/wp\/v2\/types\/page"}],"author":[{"embeddable":true,"href":"https:\/\/www.villarustica.at\/index.php?rest_route=\/wp\/v2\/users\/1"}],"replies":[{"embeddable":true,"href":"https:\/\/www.villarustica.at\/index.php?rest_route=%2Fwp%2Fv2%2Fcomments&post=342990"}],"version-history":[{"count":77,"href":"https:\/\/www.villarustica.at\/index.php?rest_route=\/wp\/v2\/pages\/342990\/revisions"}],"predecessor-version":[{"id":348590,"href":"https:\/\/www.villarustica.at\/index.php?rest_route=\/wp\/v2\/pages\/342990\/revisions\/348590"}],"wp:attachment":[{"href":"https:\/\/www.villarustica.at\/index.php?rest_route=%2Fwp%2Fv2%2Fmedia&parent=342990"}],"curies":[{"name":"wp","href":"https:\/\/api.w.org\/{rel}","templated":true}]}}