{"id":348216,"date":"2018-12-01T14:09:03","date_gmt":"2018-12-01T13:09:03","guid":{"rendered":"https:\/\/www.villarustica.at\/?page_id=348216"},"modified":"2024-10-18T11:44:56","modified_gmt":"2024-10-18T09:44:56","slug":"kontakt-contact","status":"publish","type":"page","link":"https:\/\/www.villarustica.at\/?page_id=348216","title":{"rendered":"Kontakt &#8211; Contact"},"content":{"rendered":"<p>[vc_row row_type=&#8220;row&#8220; use_row_as_full_screen_section=&#8220;no&#8220; type=&#8220;full_width&#8220; text_align=&#8220;left&#8220; box_shadow_on_row=&#8220;no&#8220;][vc_column][vc_column_text]<\/p>\n<h2><span style=\"font-size: 14pt;\">es w\u00e4re sch\u00f6n von Ihnen zu h\u00f6ren &#8211; we want to hear from you<\/span><\/h2>\n<p>[\/vc_column_text][\/vc_column][\/vc_row][vc_row row_type=&#8220;row&#8220; use_row_as_full_screen_section=&#8220;no&#8220; type=&#8220;full_width&#8220; text_align=&#8220;left&#8220; box_shadow_on_row=&#8220;no&#8220;][vc_column width=&#8220;1\/2&#8243;][vc_gallery interval=&#8220;3&#8243; images=&#8220;348218,348217&#8243; img_size=&#8220;full&#8220;][vc_separator type=&#8220;normal&#8220; up_style=&#8220;px&#8220; down_style=&#8220;px&#8220;][vc_column_text]7701 Neusiedl am See, Wiener Stra\u00dfe 4[\/vc_column_text][vc_separator type=&#8220;normal&#8220; up_style=&#8220;px&#8220; down_style=&#8220;px&#8220;][vc_column_text]vorstand[et]villarustica.at[\/vc_column_text][\/vc_column][vc_column width=&#8220;1\/2&#8243; css=&#8220;.vc_custom_1729244694075{background-color: rgba(221,153,51,0.25) !important;*background-color: rgb(221,153,51) !important;}&#8220;]\n<div class=\"wpcf7 no-js\" id=\"wpcf7-f348116-o1\" lang=\"de-DE\" dir=\"ltr\" data-wpcf7-id=\"348116\">\n<div class=\"screen-reader-response\"><p role=\"status\" aria-live=\"polite\" aria-atomic=\"true\"><\/p> <ul><\/ul><\/div>\n<form action=\"\/index.php?rest_route=%2Fwp%2Fv2%2Fpages%2F348216#wpcf7-f348116-o1\" method=\"post\" class=\"wpcf7-form init cf7_custom_style_2\" aria-label=\"Kontaktformular\" novalidate=\"novalidate\" data-status=\"init\">\n<fieldset class=\"hidden-fields-container\"><input type=\"hidden\" name=\"_wpcf7\" value=\"348116\" \/><input type=\"hidden\" name=\"_wpcf7_version\" value=\"6.1.5\" \/><input type=\"hidden\" name=\"_wpcf7_locale\" value=\"de_DE\" \/><input type=\"hidden\" name=\"_wpcf7_unit_tag\" value=\"wpcf7-f348116-o1\" \/><input type=\"hidden\" name=\"_wpcf7_container_post\" value=\"0\" \/><input type=\"hidden\" name=\"_wpcf7_posted_data_hash\" value=\"\" \/><input type=\"hidden\" name=\"_wpcf7_recaptcha_response\" value=\"\" \/>\n<\/fieldset>\n<p><span class=\"wpcf7-form-control-wrap\" data-name=\"first-name\"><input size=\"40\" maxlength=\"400\" class=\"wpcf7-form-control wpcf7-text wpcf7-validates-as-required\" aria-required=\"true\" aria-invalid=\"false\" placeholder=\"Name*\" value=\"\" type=\"text\" name=\"first-name\" \/><\/span>\n<\/p>\n<p><span class=\"wpcf7-form-control-wrap\" data-name=\"email\"><input size=\"40\" maxlength=\"400\" class=\"wpcf7-form-control wpcf7-email wpcf7-validates-as-required wpcf7-text wpcf7-validates-as-email\" aria-required=\"true\" aria-invalid=\"false\" placeholder=\"E-mail*\" value=\"\" type=\"email\" name=\"email\" \/><\/span>\n<\/p>\n<p><span class=\"wpcf7-form-control-wrap\" data-name=\"subject\"><input size=\"40\" maxlength=\"400\" class=\"wpcf7-form-control wpcf7-text wpcf7-validates-as-required\" aria-required=\"true\" aria-invalid=\"false\" placeholder=\"Grund - Subject*\" value=\"\" type=\"text\" name=\"subject\" \/><\/span>\n<\/p>\n<p><span class=\"wpcf7-form-control-wrap\" data-name=\"message\"><textarea cols=\"40\" rows=\"10\" maxlength=\"2000\" class=\"wpcf7-form-control wpcf7-textarea wpcf7-validates-as-required\" aria-required=\"true\" aria-invalid=\"false\" placeholder=\"Nachricht - Message*\" name=\"message\"><\/textarea><\/span>\n<\/p>\n<p>Sicherheitspr\u00fcfung : Bitte die vier Werte eingeben <input type=\"hidden\" name=\"_wpcf7_captcha_challenge_captcha-170\" value=\"300398899\" \/><img loading=\"lazy\" decoding=\"async\" class=\"wpcf7-form-control wpcf7-captchac wpcf7-captcha-captcha-170\" width=\"72\" height=\"24\" alt=\"captcha\" src=\"https:\/\/www.villarustica.at\/wp-content\/uploads\/wpcf7_captcha\/300398899.png\" \/><span class=\"wpcf7-form-control-wrap\" data-name=\"captcha-170\"><input size=\"4\" maxlength=\"4\" class=\"wpcf7-form-control wpcf7-captchar\" autocomplete=\"off\" aria-invalid=\"false\" value=\"\" type=\"text\" name=\"captcha-170\" \/><\/span>\n<\/p>\n<p><input class=\"wpcf7-form-control wpcf7-submit has-spinner\" type=\"submit\" value=\"Senden\" \/>\n<\/p><div class=\"wpcf7-response-output\" aria-hidden=\"true\"><\/div>\n<\/form>\n<\/div>\n[\/vc_column][\/vc_row][vc_row row_type=&#8220;row&#8220; use_row_as_full_screen_section=&#8220;no&#8220; type=&#8220;full_width&#8220; text_align=&#8220;left&#8220; box_shadow_on_row=&#8220;no&#8220;][vc_column][vc_empty_space image_repeat=&#8220;no-repeat&#8220;][\/vc_column][\/vc_row]<\/p>\n","protected":false},"excerpt":{"rendered":"<p>[vc_row row_type=&#8220;row&#8220; use_row_as_full_screen_section=&#8220;no&#8220; type=&#8220;full_width&#8220; text_align=&#8220;left&#8220; box_shadow_on_row=&#8220;no&#8220;][vc_column][vc_column_text] es w\u00e4re sch\u00f6n von Ihnen zu h\u00f6ren &#8211; we want to hear from you [\/vc_column_text][\/vc_column][\/vc_row][vc_row row_type=&#8220;row&#8220; use_row_as_full_screen_section=&#8220;no&#8220; type=&#8220;full_width&#8220; text_align=&#8220;left&#8220; box_shadow_on_row=&#8220;no&#8220;][vc_column width=&#8220;1\/2&#8243;][vc_gallery interval=&#8220;3&#8243; images=&#8220;348218,348217&#8243; img_size=&#8220;full&#8220;][vc_separator type=&#8220;normal&#8220; up_style=&#8220;px&#8220; down_style=&#8220;px&#8220;][vc_column_text]7701 Neusiedl am See, Wiener Stra\u00dfe 4[\/vc_column_text][vc_separator type=&#8220;normal&#8220; up_style=&#8220;px&#8220; down_style=&#8220;px&#8220;][vc_column_text]vorstand[et]villarustica.at[\/vc_column_text][\/vc_column][vc_column width=&#8220;1\/2&#8243; css=&#8220;.vc_custom_1729244694075{background-color: rgba(221,153,51,0.25)&#8230;<\/p>\n","protected":false},"author":1,"featured_media":0,"parent":0,"menu_order":0,"comment_status":"closed","ping_status":"closed","template":"","meta":{"footnotes":""},"class_list":["post-348216","page","type-page","status-publish","hentry"],"_links":{"self":[{"href":"https:\/\/www.villarustica.at\/index.php?rest_route=\/wp\/v2\/pages\/348216","targetHints":{"allow":["GET"]}}],"collection":[{"href":"https:\/\/www.villarustica.at\/index.php?rest_route=\/wp\/v2\/pages"}],"about":[{"href":"https:\/\/www.villarustica.at\/index.php?rest_route=\/wp\/v2\/types\/page"}],"author":[{"embeddable":true,"href":"https:\/\/www.villarustica.at\/index.php?rest_route=\/wp\/v2\/users\/1"}],"replies":[{"embeddable":true,"href":"https:\/\/www.villarustica.at\/index.php?rest_route=%2Fwp%2Fv2%2Fcomments&post=348216"}],"version-history":[{"count":9,"href":"https:\/\/www.villarustica.at\/index.php?rest_route=\/wp\/v2\/pages\/348216\/revisions"}],"predecessor-version":[{"id":348562,"href":"https:\/\/www.villarustica.at\/index.php?rest_route=\/wp\/v2\/pages\/348216\/revisions\/348562"}],"wp:attachment":[{"href":"https:\/\/www.villarustica.at\/index.php?rest_route=%2Fwp%2Fv2%2Fmedia&parent=348216"}],"curies":[{"name":"wp","href":"https:\/\/api.w.org\/{rel}","templated":true}]}}