{"id":348227,"date":"2018-12-01T14:36:20","date_gmt":"2018-12-01T13:36:20","guid":{"rendered":"https:\/\/www.villarustica.at\/?page_id=348227"},"modified":"2019-10-11T09:59:10","modified_gmt":"2019-10-11T07:59:10","slug":"mithelfen-spenden-foerdern","status":"publish","type":"page","link":"https:\/\/www.villarustica.at\/?page_id=348227","title":{"rendered":"Mithelfen Spenden F\u00f6rdern"},"content":{"rendered":"<p>[vc_row row_type=&#8220;row&#8220; use_row_as_full_screen_section=&#8220;no&#8220; type=&#8220;full_width&#8220; text_align=&#8220;left&#8220; enable_badge=&#8220;yes&#8220; badge_text=&#8220;es ist uns wichtig&#8220; box_shadow_on_row=&#8220;no&#8220;][vc_column width=&#8220;1\/3&#8243;][no_info_card_slider][no_info_card_slider_item icon_pack=&#8220;font_awesome&#8220; fa_icon=&#8220;&#8220; link_target=&#8220;_self&#8220; title=&#8220;Spenden&#8220; front_side_content=&#8220;Als Spender&#8220; back_side_content=&#8220;Ihr Vorteile: Besuch auf Grabungen, Brosch\u00fcren und B\u00fccher zum Sonderpreis, Wohlf\u00fchlen&#8220; link=&#8220;https:\/\/www.villarustica.at\/?page_id=348227&#8243; link_text=&#8220;Spenden&#8220;][\/no_info_card_slider][\/vc_column][vc_column width=&#8220;1\/3&#8243;][vc_empty_space image_repeat=&#8220;no-repeat&#8220;][vc_single_image image=&#8220;345588&#8243; img_size=&#8220;medium&#8220; alignment=&#8220;center&#8220; eltd_css_animation=&#8220;element_from_right&#8220;][\/vc_column][vc_column width=&#8220;1\/3&#8243;][vc_empty_space image_repeat=&#8220;no-repeat&#8220;][vc_column_text]<strong>Bitte sch\u00fctzen Sie mit uns\u00a0Kulturgut!<\/strong><\/p>\n<form action=\"https:\/\/www.paypal.com\/cgi-bin\/webscr\" method=\"post\" target=\"_top\"><input name=\"cmd\" type=\"hidden\" value=\"_s-xclick\" \/><br \/>\n<input name=\"hosted_button_id\" type=\"hidden\" value=\"MMZAUGV7HBHU4\" \/><br \/>\n<input title=\"PayPal - The safer, easier way to pay online!\" alt=\"Donate with PayPal button\" name=\"submit\" src=\"https:\/\/www.paypalobjects.com\/de_DE\/AT\/i\/btn\/btn_donateCC_LG.gif\" type=\"image\" \/><br \/>\n<\/form>\n<p><img loading=\"lazy\" decoding=\"async\" class=\"alignnone size-full wp-image-348271\" src=\"https:\/\/www.villarustica.at\/wp-content\/uploads\/2018\/12\/QR-Code.png\" alt=\"\" width=\"128\" height=\"128\" \/>[\/vc_column_text][\/vc_column][\/vc_row][vc_row row_type=&#8220;row&#8220; use_row_as_full_screen_section=&#8220;no&#8220; type=&#8220;full_width&#8220; text_align=&#8220;left&#8220; box_shadow_on_row=&#8220;no&#8220;][vc_column width=&#8220;1\/3&#8243;][no_info_card_slider][no_info_card_slider_item icon_pack=&#8220;font_awesome&#8220; fa_icon=&#8220;&#8220; link_target=&#8220;_self&#8220; title=&#8220;Mithelfen&#8220; front_side_content=&#8220;Sie m\u00f6chten uns helfen ? &#8220; back_side_content=&#8220;Ihr Vorteile: N\u00e4he zum Geschehen&#8220; link=&#8220;https:\/\/www.villarustica.at\/?page_id=348303&#8243;][\/no_info_card_slider][\/vc_column][vc_column width=&#8220;1\/3&#8243;][\/vc_column][vc_column width=&#8220;1\/3&#8243;][no_info_card_slider][no_info_card_slider_item icon_pack=&#8220;font_awesome&#8220; fa_icon=&#8220;&#8220; title=&#8220;F\u00f6rdern&#8220; front_side_content=&#8220;Als F\u00f6rderer &#8230;.&#8220; back_side_content=&#8220;Ihr Vorteile: Nennung auf der Homepage, Facebook. Nennung auf jedem m\u00f6glich Medium in Folge der Arbeit des Vereins&#8220;][\/no_info_card_slider][\/vc_column][\/vc_row]<\/p>\n","protected":false},"excerpt":{"rendered":"<p>[vc_row row_type=&#8220;row&#8220; use_row_as_full_screen_section=&#8220;no&#8220; type=&#8220;full_width&#8220; text_align=&#8220;left&#8220; enable_badge=&#8220;yes&#8220; badge_text=&#8220;es ist uns wichtig&#8220; box_shadow_on_row=&#8220;no&#8220;][vc_column width=&#8220;1\/3&#8243;][no_info_card_slider][no_info_card_slider_item icon_pack=&#8220;font_awesome&#8220; fa_icon=&#8220;&#8220; link_target=&#8220;_self&#8220; title=&#8220;Spenden&#8220; front_side_content=&#8220;Als Spender&#8220; back_side_content=&#8220;Ihr Vorteile: Besuch auf Grabungen, Brosch\u00fcren und B\u00fccher zum Sonderpreis, Wohlf\u00fchlen&#8220; link=&#8220;https:\/\/www.villarustica.at\/?page_id=348227&#8243; link_text=&#8220;Spenden&#8220;][\/no_info_card_slider][\/vc_column][vc_column width=&#8220;1\/3&#8243;][vc_empty_space image_repeat=&#8220;no-repeat&#8220;][vc_single_image image=&#8220;345588&#8243; img_size=&#8220;medium&#8220; alignment=&#8220;center&#8220; eltd_css_animation=&#8220;element_from_right&#8220;][\/vc_column][vc_column width=&#8220;1\/3&#8243;][vc_empty_space image_repeat=&#8220;no-repeat&#8220;][vc_column_text]Bitte sch\u00fctzen Sie mit uns\u00a0Kulturgut! [\/vc_column_text][\/vc_column][\/vc_row][vc_row row_type=&#8220;row&#8220;&#8230;<\/p>\n","protected":false},"author":1,"featured_media":0,"parent":0,"menu_order":0,"comment_status":"closed","ping_status":"closed","template":"","meta":{"footnotes":""},"class_list":["post-348227","page","type-page","status-publish","hentry"],"_links":{"self":[{"href":"https:\/\/www.villarustica.at\/index.php?rest_route=\/wp\/v2\/pages\/348227","targetHints":{"allow":["GET"]}}],"collection":[{"href":"https:\/\/www.villarustica.at\/index.php?rest_route=\/wp\/v2\/pages"}],"about":[{"href":"https:\/\/www.villarustica.at\/index.php?rest_route=\/wp\/v2\/types\/page"}],"author":[{"embeddable":true,"href":"https:\/\/www.villarustica.at\/index.php?rest_route=\/wp\/v2\/users\/1"}],"replies":[{"embeddable":true,"href":"https:\/\/www.villarustica.at\/index.php?rest_route=%2Fwp%2Fv2%2Fcomments&post=348227"}],"version-history":[{"count":32,"href":"https:\/\/www.villarustica.at\/index.php?rest_route=\/wp\/v2\/pages\/348227\/revisions"}],"predecessor-version":[{"id":348517,"href":"https:\/\/www.villarustica.at\/index.php?rest_route=\/wp\/v2\/pages\/348227\/revisions\/348517"}],"wp:attachment":[{"href":"https:\/\/www.villarustica.at\/index.php?rest_route=%2Fwp%2Fv2%2Fmedia&parent=348227"}],"curies":[{"name":"wp","href":"https:\/\/api.w.org\/{rel}","templated":true}]}}