{"id":348297,"date":"2019-01-11T16:58:26","date_gmt":"2019-01-11T15:58:26","guid":{"rendered":"https:\/\/www.villarustica.at\/?page_id=348297"},"modified":"2019-05-10T17:05:24","modified_gmt":"2019-05-10T15:05:24","slug":"mitgliedschaften","status":"publish","type":"page","link":"https:\/\/www.villarustica.at\/?page_id=348297","title":{"rendered":"Mitgliedschaften"},"content":{"rendered":"<p>[vc_row row_type=&#8220;row&#8220; use_row_as_full_screen_section=&#8220;no&#8220; type=&#8220;full_width&#8220; text_align=&#8220;left&#8220; box_shadow_on_row=&#8220;no&#8220;][vc_column width=&#8220;1\/4&#8243;][vc_column_text]<\/p>\n<p style=\"text-align: center;\"><strong>Ordentliche Mitglieder<\/strong><\/p>\n<p>[\/vc_column_text][vc_separator type=&#8220;normal&#8220; up_style=&#8220;px&#8220; down_style=&#8220;px&#8220;][\/vc_column][vc_column width=&#8220;1\/4&#8243;][vc_column_text]<\/p>\n<p style=\"text-align: center;\"><span style=\"font-size: 12pt;\"><strong>Institutionelle Mitglieder<\/strong><\/span><\/p>\n<p>[\/vc_column_text][vc_separator type=&#8220;normal&#8220; up_style=&#8220;px&#8220; down_style=&#8220;px&#8220;][\/vc_column][vc_column width=&#8220;1\/4&#8243;][vc_column_text]<\/p>\n<p style=\"text-align: center;\"><span style=\"font-size: 12pt;\"><strong>Au\u00dferordentliche Mitglieder<\/strong><\/span><\/p>\n<p>[\/vc_column_text][vc_separator type=&#8220;normal&#8220; up_style=&#8220;px&#8220; down_style=&#8220;px&#8220;][\/vc_column][vc_column width=&#8220;1\/4&#8243;][vc_column_text]<\/p>\n<p style=\"text-align: center;\"><strong>Ehrenmitglieder<\/strong><\/p>\n<p>[\/vc_column_text][vc_separator type=&#8220;normal&#8220; up_style=&#8220;px&#8220; down_style=&#8220;px&#8220;][\/vc_column][\/vc_row][vc_row row_type=&#8220;row&#8220; use_row_as_full_screen_section=&#8220;no&#8220; type=&#8220;full_width&#8220; text_align=&#8220;left&#8220; box_shadow_on_row=&#8220;no&#8220;][vc_column width=&#8220;1\/4&#8243;][vc_single_image image=&#8220;347332&#8243; img_size=&#8220;medium&#8220; alignment=&#8220;center&#8220; style=&#8220;vc_box_circle&#8220;][\/vc_column][vc_column width=&#8220;1\/4&#8243;][vc_single_image image=&#8220;347331&#8243; img_size=&#8220;medium&#8220; alignment=&#8220;center&#8220; style=&#8220;vc_box_circle&#8220;][\/vc_column][vc_column width=&#8220;1\/4&#8243;][vc_single_image image=&#8220;342608&#8243; img_size=&#8220;medium&#8220; alignment=&#8220;center&#8220; style=&#8220;vc_box_circle&#8220;][\/vc_column][vc_column width=&#8220;1\/4&#8243;][vc_single_image image=&#8220;347335&#8243; img_size=&#8220;medium&#8220; alignment=&#8220;center&#8220; style=&#8220;vc_box_circle&#8220;][\/vc_column][\/vc_row][vc_row row_type=&#8220;row&#8220; use_row_as_full_screen_section=&#8220;no&#8220; type=&#8220;full_width&#8220; text_align=&#8220;left&#8220; box_shadow_on_row=&#8220;no&#8220;][vc_column][vc_separator type=&#8220;normal&#8220; up_style=&#8220;px&#8220; down_style=&#8220;px&#8220;][vc_column_text]<\/p>\n<p style=\"text-align: center;\"><span style=\"font-size: 14pt;\">Ordentliche und institutionelle Mitglieder sind jene, die sich voll an der Vereinsarbeit beteiligen. Au\u00dferordentliche Mitglieder sind solche, die die Vereinst\u00e4tigkeit vor allem durch Zahlung eines erh\u00f6hten Mitgliedsbeitrags f\u00f6rdern. <\/span><\/p>\n<p style=\"text-align: center;\"><span style=\"font-size: 14pt;\">Ehrenmitglieder sind Personen, die hierzu wegen besonderer Verdienste um den Verein ernannt werden.<\/span><\/p>\n<p>[\/vc_column_text][\/vc_column][\/vc_row][vc_row row_type=&#8220;row&#8220; use_row_as_full_screen_section=&#8220;no&#8220; type=&#8220;full_width&#8220; text_align=&#8220;left&#8220; box_shadow_on_row=&#8220;no&#8220;][vc_column width=&#8220;1\/3&#8243;][\/vc_column][vc_column width=&#8220;1\/3&#8243;]<a href=\"https:\/\/www.villarustica.at\/?page_id=348303\" target=\"_self\"  class=\"qbutton  big_large_full_width transparent rotate_icon animate_button\" style=\"\">\n\t\t<span class=\"text_holder\"><span class=\"a_overlay\" style=\"\"><\/span><span>Mitglied werden<\/span><span style=\"\" class=\"hidden_text\">Mitglied werden<\/span><\/span>\n\t\t<span class=\"icon_holder\" style=\"\"><span  style=\"\"><\/span><span style=\"\" class=\"hidden_icon\"><\/span><\/span><\/a>[vc_empty_space image_repeat=&#8220;no-repeat&#8220;][\/vc_column][vc_column width=&#8220;1\/3&#8243;][\/vc_column][\/vc_row]<\/p>\n","protected":false},"excerpt":{"rendered":"<p>[vc_row row_type=&#8220;row&#8220; use_row_as_full_screen_section=&#8220;no&#8220; type=&#8220;full_width&#8220; text_align=&#8220;left&#8220; box_shadow_on_row=&#8220;no&#8220;][vc_column width=&#8220;1\/4&#8243;][vc_column_text] Ordentliche Mitglieder [\/vc_column_text][vc_separator type=&#8220;normal&#8220; up_style=&#8220;px&#8220; down_style=&#8220;px&#8220;][\/vc_column][vc_column width=&#8220;1\/4&#8243;][vc_column_text] Institutionelle Mitglieder [\/vc_column_text][vc_separator type=&#8220;normal&#8220; up_style=&#8220;px&#8220; down_style=&#8220;px&#8220;][\/vc_column][vc_column width=&#8220;1\/4&#8243;][vc_column_text] Au\u00dferordentliche Mitglieder [\/vc_column_text][vc_separator type=&#8220;normal&#8220; up_style=&#8220;px&#8220; down_style=&#8220;px&#8220;][\/vc_column][vc_column width=&#8220;1\/4&#8243;][vc_column_text] Ehrenmitglieder [\/vc_column_text][vc_separator type=&#8220;normal&#8220; up_style=&#8220;px&#8220; down_style=&#8220;px&#8220;][\/vc_column][\/vc_row][vc_row row_type=&#8220;row&#8220; use_row_as_full_screen_section=&#8220;no&#8220; type=&#8220;full_width&#8220; text_align=&#8220;left&#8220; box_shadow_on_row=&#8220;no&#8220;][vc_column width=&#8220;1\/4&#8243;][vc_single_image image=&#8220;347332&#8243; img_size=&#8220;medium&#8220; alignment=&#8220;center&#8220; style=&#8220;vc_box_circle&#8220;][\/vc_column][vc_column width=&#8220;1\/4&#8243;][vc_single_image image=&#8220;347331&#8243;&#8230;<\/p>\n","protected":false},"author":1,"featured_media":0,"parent":0,"menu_order":0,"comment_status":"closed","ping_status":"closed","template":"","meta":{"footnotes":""},"class_list":["post-348297","page","type-page","status-publish","hentry"],"_links":{"self":[{"href":"https:\/\/www.villarustica.at\/index.php?rest_route=\/wp\/v2\/pages\/348297","targetHints":{"allow":["GET"]}}],"collection":[{"href":"https:\/\/www.villarustica.at\/index.php?rest_route=\/wp\/v2\/pages"}],"about":[{"href":"https:\/\/www.villarustica.at\/index.php?rest_route=\/wp\/v2\/types\/page"}],"author":[{"embeddable":true,"href":"https:\/\/www.villarustica.at\/index.php?rest_route=\/wp\/v2\/users\/1"}],"replies":[{"embeddable":true,"href":"https:\/\/www.villarustica.at\/index.php?rest_route=%2Fwp%2Fv2%2Fcomments&post=348297"}],"version-history":[{"count":4,"href":"https:\/\/www.villarustica.at\/index.php?rest_route=\/wp\/v2\/pages\/348297\/revisions"}],"predecessor-version":[{"id":348448,"href":"https:\/\/www.villarustica.at\/index.php?rest_route=\/wp\/v2\/pages\/348297\/revisions\/348448"}],"wp:attachment":[{"href":"https:\/\/www.villarustica.at\/index.php?rest_route=%2Fwp%2Fv2%2Fmedia&parent=348297"}],"curies":[{"name":"wp","href":"https:\/\/api.w.org\/{rel}","templated":true}]}}